{"id":200,"date":"2016-10-05T00:56:57","date_gmt":"2016-10-05T00:56:57","guid":{"rendered":"http:\/\/dfaudiosolutions.com\/site\/?page_id=200"},"modified":"2019-11-21T19:32:12","modified_gmt":"2019-11-21T19:32:12","slug":"master-console-digital","status":"publish","type":"page","link":"http:\/\/dfaudiosolutions.com\/site\/master-console-digital\/","title":{"rendered":"Master Console Digital"},"content":{"rendered":"<p><a href=\"http:\/\/dfaudiosolutions.com\/site\/wp-content\/uploads\/2016\/10\/Master-Console-Digital-2.jpg\"><img loading=\"lazy\" decoding=\"async\" class=\"size-medium wp-image-263 alignleft\" src=\"http:\/\/dfaudiosolutions.com\/site\/wp-content\/uploads\/2016\/10\/Master-Console-Digital-2-300x217.jpg\" alt=\"OLYMPUS DIGITAL CAMERA\" width=\"300\" height=\"217\" srcset=\"http:\/\/dfaudiosolutions.com\/site\/wp-content\/uploads\/2016\/10\/Master-Console-Digital-2-300x217.jpg 300w, http:\/\/dfaudiosolutions.com\/site\/wp-content\/uploads\/2016\/10\/Master-Console-Digital-2-768x557.jpg 768w, http:\/\/dfaudiosolutions.com\/site\/wp-content\/uploads\/2016\/10\/Master-Console-Digital-2-1140x826.jpg 1140w, http:\/\/dfaudiosolutions.com\/site\/wp-content\/uploads\/2016\/10\/Master-Console-Digital-2-786x570.jpg 786w, http:\/\/dfaudiosolutions.com\/site\/wp-content\/uploads\/2016\/10\/Master-Console-Digital-2-740x536.jpg 740w, http:\/\/dfaudiosolutions.com\/site\/wp-content\/uploads\/2016\/10\/Master-Console-Digital-2-800x580.jpg 800w, http:\/\/dfaudiosolutions.com\/site\/wp-content\/uploads\/2016\/10\/Master-Console-Digital-2-1200x870.jpg 1200w, http:\/\/dfaudiosolutions.com\/site\/wp-content\/uploads\/2016\/10\/Master-Console-Digital-2-410x297.jpg 410w, http:\/\/dfaudiosolutions.com\/site\/wp-content\/uploads\/2016\/10\/Master-Console-Digital-2-1766x1280.jpg 1766w, http:\/\/dfaudiosolutions.com\/site\/wp-content\/uploads\/2016\/10\/Master-Console-Digital-2-400x290.jpg 400w, http:\/\/dfaudiosolutions.com\/site\/wp-content\/uploads\/2016\/10\/Master-Console-Digital-2.jpg 1977w\" sizes=\"auto, (max-width: 300px) 100vw, 300px\" \/><\/a><\/p>\n<p><a href=\"http:\/\/dfaudiosolutions.com\/site\/wp-content\/uploads\/2016\/10\/certificado.png\"><img loading=\"lazy\" decoding=\"async\" class=\"size-thumbnail wp-image-429 alignright\" src=\"http:\/\/dfaudiosolutions.com\/site\/wp-content\/uploads\/2016\/10\/certificado-150x150.png\" alt=\"certificado\" width=\"150\" height=\"150\" srcset=\"http:\/\/dfaudiosolutions.com\/site\/wp-content\/uploads\/2016\/10\/certificado-150x150.png 150w, http:\/\/dfaudiosolutions.com\/site\/wp-content\/uploads\/2016\/10\/certificado-300x300.png 300w, http:\/\/dfaudiosolutions.com\/site\/wp-content\/uploads\/2016\/10\/certificado-768x768.png 768w, http:\/\/dfaudiosolutions.com\/site\/wp-content\/uploads\/2016\/10\/certificado-960x960.png 960w, http:\/\/dfaudiosolutions.com\/site\/wp-content\/uploads\/2016\/10\/certificado-400x400.png 400w, http:\/\/dfaudiosolutions.com\/site\/wp-content\/uploads\/2016\/10\/certificado-570x570.png 570w, http:\/\/dfaudiosolutions.com\/site\/wp-content\/uploads\/2016\/10\/certificado-740x740.png 740w, http:\/\/dfaudiosolutions.com\/site\/wp-content\/uploads\/2016\/10\/certificado-410x410.png 410w, http:\/\/dfaudiosolutions.com\/site\/wp-content\/uploads\/2016\/10\/certificado-800x800.png 800w, http:\/\/dfaudiosolutions.com\/site\/wp-content\/uploads\/2016\/10\/certificado-1000x1000.png 1000w, http:\/\/dfaudiosolutions.com\/site\/wp-content\/uploads\/2016\/10\/certificado.png 1024w\" sizes=\"auto, (max-width: 150px) 100vw, 150px\" \/><\/a>O Master Console Digital, \u00e9 um &#8220;Master Class&#8221; de mesa digital, com \u00eanfase em mixagem de P.A.<\/p>\n<p>Esse curso \u00e9 indicado para quem acabou o LIVE SOUND LEARNING, ou j\u00e1 trabalha com \u00e1udio e queira se aprimorar com mesa digital e mixagem ao vivo. O Conte\u00fado \u00e9 90% pr\u00e1tico, onde trabalhamos em cima de uma mesa Digital, operando e mixando sob comando de Daniel Fernandes em um P.A.<\/p>\n<p><\/br><\/p>\n<p><strong>Aqui est\u00e1 a programa\u00e7\u00e3o:<\/strong><\/p>\n<p><strong>&#8211; 12 Horas em 1 Semana (Seg. \u00e0 Sex)<\/strong><br \/>\n<strong> &#8211; 90% Pr\u00e1tica<\/strong><br \/>\n<strong> &#8211; 4 Alunos por Turma<\/strong><br \/>\n<strong> &#8211; Especifica\u00e7\u00f5es t\u00e9cnicas avan\u00e7adas de mesa digital .<\/strong><br \/>\n<strong> &#8211; Concep\u00e7\u00e3o avan\u00e7ada de mixagem em P.A.<\/strong><\/p>\n<p><\/br><\/br><\/br><\/br><\/p>\n<h2 style=\"text-align: center;\">Contato<\/h2>\n<h3 style=\"text-align: center;\"><strong>Daniel Fernandes &#8211; Audio Engineer<\/strong><\/h3>\n<h3 style=\"text-align: center;\">Tel.: 55 11 95278-8898<br \/>\n<span style=\"color: #ff9900;\"><a style=\"color: #ff9900;\" href=\"mailto:musicmaker@uol.com.br\">musicmaker@uol.com.br<\/a><\/span><\/h3>\n","protected":false},"excerpt":{"rendered":"<p>O Master Console Digital, \u00e9 um &#8220;Master Class&#8221; de mesa digital, com \u00eanfase em mixagem de P.A. Esse curso \u00e9 indicado para quem acabou o LIVE SOUND LEARNING, ou j\u00e1 [&#8230;]<\/p>\n<p><a rel=\"bookmark\" class=\"more-link button\" href=\"http:\/\/dfaudiosolutions.com\/site\/master-console-digital\/\">Continue reading &rarr;<\/a><\/p>\n","protected":false},"author":1,"featured_media":0,"parent":0,"menu_order":0,"comment_status":"closed","ping_status":"closed","template":"page-templates\/full-width.php","meta":{"footnotes":""},"class_list":["post-200","page","type-page","status-publish","hentry","no-thumbnail"],"_links":{"self":[{"href":"http:\/\/dfaudiosolutions.com\/site\/wp-json\/wp\/v2\/pages\/200","targetHints":{"allow":["GET"]}}],"collection":[{"href":"http:\/\/dfaudiosolutions.com\/site\/wp-json\/wp\/v2\/pages"}],"about":[{"href":"http:\/\/dfaudiosolutions.com\/site\/wp-json\/wp\/v2\/types\/page"}],"author":[{"embeddable":true,"href":"http:\/\/dfaudiosolutions.com\/site\/wp-json\/wp\/v2\/users\/1"}],"replies":[{"embeddable":true,"href":"http:\/\/dfaudiosolutions.com\/site\/wp-json\/wp\/v2\/comments?post=200"}],"version-history":[{"count":19,"href":"http:\/\/dfaudiosolutions.com\/site\/wp-json\/wp\/v2\/pages\/200\/revisions"}],"predecessor-version":[{"id":585,"href":"http:\/\/dfaudiosolutions.com\/site\/wp-json\/wp\/v2\/pages\/200\/revisions\/585"}],"wp:attachment":[{"href":"http:\/\/dfaudiosolutions.com\/site\/wp-json\/wp\/v2\/media?parent=200"}],"curies":[{"name":"wp","href":"https:\/\/api.w.org\/{rel}","templated":true}]}}