{"id":198,"date":"2016-10-05T00:56:29","date_gmt":"2016-10-05T00:56:29","guid":{"rendered":"http:\/\/dfaudiosolutions.com\/site\/?page_id=198"},"modified":"2019-11-21T19:33:34","modified_gmt":"2019-11-21T19:33:34","slug":"live-sound-learning","status":"publish","type":"page","link":"http:\/\/dfaudiosolutions.com\/site\/live-sound-learning\/","title":{"rendered":"Live Sound Learning"},"content":{"rendered":"<p><a href=\"http:\/\/dfaudiosolutions.com\/site\/wp-content\/uploads\/2016\/10\/Live-Sound-Learning-Logo-LSL-2.png\"><img loading=\"lazy\" decoding=\"async\" class=\"size-large wp-image-303 aligncenter\" src=\"http:\/\/dfaudiosolutions.com\/site\/wp-content\/uploads\/2016\/10\/Live-Sound-Learning-Logo-LSL-2-1140x222.png\" alt=\"live-sound-learning-logo-lsl-2\" width=\"1024\" height=\"199\" srcset=\"http:\/\/dfaudiosolutions.com\/site\/wp-content\/uploads\/2016\/10\/Live-Sound-Learning-Logo-LSL-2-1140x222.png 1140w, http:\/\/dfaudiosolutions.com\/site\/wp-content\/uploads\/2016\/10\/Live-Sound-Learning-Logo-LSL-2-300x58.png 300w, http:\/\/dfaudiosolutions.com\/site\/wp-content\/uploads\/2016\/10\/Live-Sound-Learning-Logo-LSL-2-768x149.png 768w, http:\/\/dfaudiosolutions.com\/site\/wp-content\/uploads\/2016\/10\/Live-Sound-Learning-Logo-LSL-2-740x144.png 740w, http:\/\/dfaudiosolutions.com\/site\/wp-content\/uploads\/2016\/10\/Live-Sound-Learning-Logo-LSL-2-800x156.png 800w, http:\/\/dfaudiosolutions.com\/site\/wp-content\/uploads\/2016\/10\/Live-Sound-Learning-Logo-LSL-2-1200x234.png 1200w, http:\/\/dfaudiosolutions.com\/site\/wp-content\/uploads\/2016\/10\/Live-Sound-Learning-Logo-LSL-2-410x80.png 410w, http:\/\/dfaudiosolutions.com\/site\/wp-content\/uploads\/2016\/10\/Live-Sound-Learning-Logo-LSL-2-1920x374.png 1920w, http:\/\/dfaudiosolutions.com\/site\/wp-content\/uploads\/2016\/10\/Live-Sound-Learning-Logo-LSL-2-400x78.png 400w\" sizes=\"auto, (max-width: 1024px) 100vw, 1024px\" \/><\/a><br \/>\n<a href=\"http:\/\/dfaudiosolutions.com\/site\/wp-content\/uploads\/2016\/10\/Live-sound-learning-3.jpg\"><img loading=\"lazy\" decoding=\"async\" class=\"size-medium wp-image-261 alignleft\" src=\"http:\/\/dfaudiosolutions.com\/site\/wp-content\/uploads\/2016\/10\/Live-sound-learning-3-300x300.jpg\" alt=\"live-sound-learning-3\" width=\"300\" height=\"300\" srcset=\"http:\/\/dfaudiosolutions.com\/site\/wp-content\/uploads\/2016\/10\/Live-sound-learning-3-300x300.jpg 300w, http:\/\/dfaudiosolutions.com\/site\/wp-content\/uploads\/2016\/10\/Live-sound-learning-3-150x150.jpg 150w, http:\/\/dfaudiosolutions.com\/site\/wp-content\/uploads\/2016\/10\/Live-sound-learning-3-400x400.jpg 400w, http:\/\/dfaudiosolutions.com\/site\/wp-content\/uploads\/2016\/10\/Live-sound-learning-3-570x570.jpg 570w, http:\/\/dfaudiosolutions.com\/site\/wp-content\/uploads\/2016\/10\/Live-sound-learning-3-410x410.jpg 410w, http:\/\/dfaudiosolutions.com\/site\/wp-content\/uploads\/2016\/10\/Live-sound-learning-3.jpg 612w\" sizes=\"auto, (max-width: 300px) 100vw, 300px\" \/><\/a><\/p>\n<p><a href=\"http:\/\/dfaudiosolutions.com\/site\/wp-content\/uploads\/2016\/10\/certificado.png\"><img loading=\"lazy\" decoding=\"async\" class=\"size-thumbnail wp-image-429 alignright\" src=\"http:\/\/dfaudiosolutions.com\/site\/wp-content\/uploads\/2016\/10\/certificado-150x150.png\" alt=\"certificado\" width=\"150\" height=\"150\" srcset=\"http:\/\/dfaudiosolutions.com\/site\/wp-content\/uploads\/2016\/10\/certificado-150x150.png 150w, http:\/\/dfaudiosolutions.com\/site\/wp-content\/uploads\/2016\/10\/certificado-300x300.png 300w, http:\/\/dfaudiosolutions.com\/site\/wp-content\/uploads\/2016\/10\/certificado-768x768.png 768w, http:\/\/dfaudiosolutions.com\/site\/wp-content\/uploads\/2016\/10\/certificado-960x960.png 960w, http:\/\/dfaudiosolutions.com\/site\/wp-content\/uploads\/2016\/10\/certificado-400x400.png 400w, http:\/\/dfaudiosolutions.com\/site\/wp-content\/uploads\/2016\/10\/certificado-570x570.png 570w, http:\/\/dfaudiosolutions.com\/site\/wp-content\/uploads\/2016\/10\/certificado-740x740.png 740w, http:\/\/dfaudiosolutions.com\/site\/wp-content\/uploads\/2016\/10\/certificado-410x410.png 410w, http:\/\/dfaudiosolutions.com\/site\/wp-content\/uploads\/2016\/10\/certificado-800x800.png 800w, http:\/\/dfaudiosolutions.com\/site\/wp-content\/uploads\/2016\/10\/certificado-1000x1000.png 1000w, http:\/\/dfaudiosolutions.com\/site\/wp-content\/uploads\/2016\/10\/certificado.png 1024w\" sizes=\"auto, (max-width: 150px) 100vw, 150px\" \/><\/a>O Live Sound learning \u00e9 um curso intensivo de \u00c1udio ao Vivo (P.A\/Monitor).<\/p>\n<p>Com conte\u00fado Te\u00f3rico e Pr\u00e1tico, Daniel Fernandes ensina apenas o que voc\u00ea realmente vai utilizar na profiss\u00e3o.<\/p>\n<p>&#8220;Tudo o que demorou quase 18 anos para aprender, todos os &#8220;macetes&#8221;, atalhos, tudo como realmente funciona na estrada, batendo cabe\u00e7a, sob as maiores dificuldades, vou passar para voc\u00eas, sem esconder o jogo!&#8221;<\/p>\n<p>O curso come\u00e7a do zero, ou seja, pra quem n\u00e3o conhece nada de \u00e1udio e vai at\u00e9 uma simula\u00e7\u00e3o de passagem de som de P.A e Monitor. Muito indicado para quem quer come\u00e7ar uma nova profiss\u00e3o, Roadies (T\u00e9cnico de Bateria, Cordas, Teclas), que queiram se destacar ou se diferenciar no mercado, Stage\/Tour Manager que precisam entender sobre \u00e1udio, produtores de shows, m\u00fasicos, entusiastas, etc&#8230;<\/p>\n<p>Em parceria com a Beg Escola de M\u00fasica &amp; Artes, temos uma sala super equipada com o que h\u00e1 de melhor no mercado! Venha ter a grande experi\u00eancia de entender como tudo funciona nos grandes shows!<\/p>\n<p><strong>Aqui est\u00e1 a programa\u00e7\u00e3o :<\/strong><\/p>\n<p><strong> &#8211; 12 aulas de 2hs. (Seg, Ter, Qua) 1 M\u00eas.<\/strong><br \/>\n<strong> &#8211; Teoria e Pr\u00e1tica.<\/strong><br \/>\n<strong> &#8211; Apostila Pr\u00f3pria inclusa.<\/strong><br \/>\n<strong> &#8211; M\u00e1x. de 10 alunos por turma.<\/strong><\/p>\n<h4>INTRODU\u00c7\u00c3O AO \u00c1UDIO<\/h4>\n<p>&#8211; Ondas Sonoras &#8211; Decibel (dB) &#8211; Freq\u00fc\u00eancia (Hz) &#8211; Fase,<br \/>\nO Principal Instrumento (Ouvidos) &#8211; Introdu\u00e7\u00e3o ao Analizador de Spectrum.<\/p>\n<h4>MICROFONES<\/h4>\n<p>&#8211; Como Funcionam &#8211; Microfones Din\u00e2micos &#8211; Microfones Condenser &#8211; Outros Tipos de Microfones &#8211; Phanton Power (+48V) &#8211; Diagramas Polares &#8211; Gr\u00e1ficos de Resposta em Freq\u00fc\u00eancia &#8211; Efeitos e T\u00e9cnicas de Microfona\u00e7\u00e3o.<\/p>\n<h4>CABOS E CONECTORES (Patch)<\/h4>\n<p>&#8211; Cabos Balanceados e Desbalanceados \u2013 Conectores &#8211; Direct Box (D.I)<br \/>\n&#8211; MultiCabos &#8211; SubSnakes Multipinos.<\/p>\n<h4>Amplificadores (Pot\u00eancias)<\/h4>\n<p>&#8211; Pr\u00e9 Amplificadores \u2013 Amplificadores &#8211; Watts (RMS X PMPO)<br \/>\n&#8211; Imped\u00e2ncia ( Ohm )<\/p>\n<h4>Caixas Ac\u00fasticas (P.A \/ Monitor)<\/h4>\n<p>&#8211; Alto-falantes &#8211; Tipos de caixas ac\u00fasticas &#8211; Tipos de Caixas Acusticas para P.A<br \/>\n&#8211; Tipos de Caixas Ac\u00fasticas para Monitor &#8211; Conex\u00f5es em s\u00e9rie e paralelo.<br \/>\n&#8211; Mono e Multiamplifica\u00e7\u00e3o &#8211; Crossover (Processador)<\/p>\n<h4>DIN\u00c2MICOS e EFEITOS<\/h4>\n<p>&#8211; Equalizadores \u2013 Compressores &#8211; Gates \u2013 Limiter \u2013 Desser &#8211; Efeitos de Reverbera\u00e7\u00e3o &#8211; Efeitos de Modula\u00e7\u00e3o.<\/p>\n<h4>CONSOLES ANAL\u00d3GICOS<\/h4>\n<p>&#8211; Conec\u00e7\u00f5es &#8211; Fluxo de Sinal \u2013 Meters &#8211; Tipos de Equalizadores &#8211; Auxiliares (Mix)<br \/>\n&#8211; Inserts &#8211; Grupos \u2013 VCA.<\/p>\n<h4>CONSOLES DIGITAIS<\/h4>\n<p>&#8211; Conec\u00e7\u00f5es &#8211; Fluxo de Sinal \u2013 Meters &#8211; Tipos de Equalizadores<br \/>\n&#8211; Auxiliares (Mix) \u2013 Matrix \u2013 Inserts &#8211; Grupos &#8211; DCA (VCA).<\/p>\n<h4>FLUXO DE SINAL DE SISTEMA DE P.A\u00a0E MONITOR.<\/h4>\n<p>&#8211; Fluxo de Sinal de um Sistema Completo<\/p>\n<h4>ALINHAMENTO DE SISTEMA DE P.A<\/h4>\n<p>&#8211; Analizador de Spectrum (RTA) &#8211; Mic RTA &#8211; Pink Noize &#8211; Som de Refer\u00eancia \u2013 Processador &#8211; Equalizador Gr\u00e1fico.<\/p>\n<h4>ALINHAMENTO DE SISTEMA DE MONITOR<\/h4>\n<p>&#8211; Controle de Microfonias &#8211; Realimenta\u00e7\u00e3o de Frequ\u00eancias &#8211; Distribui\u00e7\u00e3o de Sinal &#8211; In Ears.<\/p>\n<h4>&#8220;SoundCheck&#8221; de P.A e MONITOR<\/h4>\n<p>(&#8220;O Caminho das Pedras&#8221;)<\/p>\n<p>&#8211; Conceitos B\u00e1sicos &#8211; Etapas (&#8220;O Caminho Das Pedras&#8221;) &#8211; Aplica\u00e7\u00f5es de Din\u00e2micos e Efeitos &#8211; Finaliza\u00e7\u00e3o.<\/p>\n<p>A Hora \u00e9 agora!!!!!<\/p>\n<h2 style=\"text-align: center;\">Contato<\/h2>\n<h3 style=\"text-align: center;\"><strong>Daniel Fernandes &#8211; Audio Engineer<\/strong><\/h3>\n<h3 style=\"text-align: center;\">Tel.: 55 11 95278-8898<br \/>\n<span style=\"color: #ff9900;\"><a style=\"color: #ff9900;\" href=\"mailto:musicmaker@uol.com.br\">musicmaker@uol.com.br<\/a><\/span><\/h3>\n","protected":false},"excerpt":{"rendered":"<p>O Live Sound learning \u00e9 um curso intensivo de \u00c1udio ao Vivo (P.A\/Monitor). Com conte\u00fado Te\u00f3rico e Pr\u00e1tico, Daniel Fernandes ensina apenas o que voc\u00ea realmente vai utilizar na profiss\u00e3o. [&#8230;]<\/p>\n<p><a rel=\"bookmark\" class=\"more-link button\" href=\"http:\/\/dfaudiosolutions.com\/site\/live-sound-learning\/\">Continue reading &rarr;<\/a><\/p>\n","protected":false},"author":1,"featured_media":0,"parent":0,"menu_order":0,"comment_status":"closed","ping_status":"closed","template":"page-templates\/full-width.php","meta":{"footnotes":""},"class_list":["post-198","page","type-page","status-publish","hentry","no-thumbnail"],"_links":{"self":[{"href":"http:\/\/dfaudiosolutions.com\/site\/wp-json\/wp\/v2\/pages\/198","targetHints":{"allow":["GET"]}}],"collection":[{"href":"http:\/\/dfaudiosolutions.com\/site\/wp-json\/wp\/v2\/pages"}],"about":[{"href":"http:\/\/dfaudiosolutions.com\/site\/wp-json\/wp\/v2\/types\/page"}],"author":[{"embeddable":true,"href":"http:\/\/dfaudiosolutions.com\/site\/wp-json\/wp\/v2\/users\/1"}],"replies":[{"embeddable":true,"href":"http:\/\/dfaudiosolutions.com\/site\/wp-json\/wp\/v2\/comments?post=198"}],"version-history":[{"count":46,"href":"http:\/\/dfaudiosolutions.com\/site\/wp-json\/wp\/v2\/pages\/198\/revisions"}],"predecessor-version":[{"id":590,"href":"http:\/\/dfaudiosolutions.com\/site\/wp-json\/wp\/v2\/pages\/198\/revisions\/590"}],"wp:attachment":[{"href":"http:\/\/dfaudiosolutions.com\/site\/wp-json\/wp\/v2\/media?parent=198"}],"curies":[{"name":"wp","href":"https:\/\/api.w.org\/{rel}","templated":true}]}}