{"id":190,"date":"2016-10-05T00:51:14","date_gmt":"2016-10-05T00:51:14","guid":{"rendered":"http:\/\/dfaudiosolutions.com\/site\/?page_id=190"},"modified":"2019-11-21T19:32:39","modified_gmt":"2019-11-21T19:32:39","slug":"palestrasespecialista-de-produtos","status":"publish","type":"page","link":"http:\/\/dfaudiosolutions.com\/site\/palestrasespecialista-de-produtos\/","title":{"rendered":"Palestras\/Especialista de Produtos"},"content":{"rendered":"<p><a href=\"http:\/\/dfaudiosolutions.com\/site\/wp-content\/uploads\/2016\/10\/palestra.jpg\"><img loading=\"lazy\" decoding=\"async\" class=\"size-medium wp-image-271 alignleft\" src=\"http:\/\/dfaudiosolutions.com\/site\/wp-content\/uploads\/2016\/10\/palestra-300x200.jpg\" alt=\"palestra\" width=\"300\" height=\"200\" srcset=\"http:\/\/dfaudiosolutions.com\/site\/wp-content\/uploads\/2016\/10\/palestra-300x200.jpg 300w, http:\/\/dfaudiosolutions.com\/site\/wp-content\/uploads\/2016\/10\/palestra-768x512.jpg 768w, http:\/\/dfaudiosolutions.com\/site\/wp-content\/uploads\/2016\/10\/palestra-1140x760.jpg 1140w, http:\/\/dfaudiosolutions.com\/site\/wp-content\/uploads\/2016\/10\/palestra-855x570.jpg 855w, http:\/\/dfaudiosolutions.com\/site\/wp-content\/uploads\/2016\/10\/palestra-740x493.jpg 740w, http:\/\/dfaudiosolutions.com\/site\/wp-content\/uploads\/2016\/10\/palestra-800x533.jpg 800w, http:\/\/dfaudiosolutions.com\/site\/wp-content\/uploads\/2016\/10\/palestra-1200x800.jpg 1200w, http:\/\/dfaudiosolutions.com\/site\/wp-content\/uploads\/2016\/10\/palestra-525x348.jpg 525w, http:\/\/dfaudiosolutions.com\/site\/wp-content\/uploads\/2016\/10\/palestra-410x273.jpg 410w, http:\/\/dfaudiosolutions.com\/site\/wp-content\/uploads\/2016\/10\/palestra-400x267.jpg 400w, http:\/\/dfaudiosolutions.com\/site\/wp-content\/uploads\/2016\/10\/palestra.jpg 1772w\" sizes=\"auto, (max-width: 300px) 100vw, 300px\" \/><\/a>Se voc\u00ea tem um Produto, Servi\u00e7o, representa alguma marca, importadora e precisa de um especialista de produto para expor, palestrar, dar aulas, suporte t\u00e9cnico em lojas, feiras, etc&#8230; Daniel Fernandes pode fazer isso pra voc\u00ea! Com experi\u00eancia adquirida em lecionar audio por quase 6 anos, a did\u00e1tica de aulas e falar para muita gente tornou-se algo bem f\u00e1cil para Daniel. Est\u00e1 precisando de algu\u00e9m de confian\u00e7a e com conhecimento, contacte Daniel Fernandes!<\/p>\n<table width=\"100%\" border=\"0\">\n<tr>\n<th scope=\"col\">&nbsp;<\/th>\n<\/tr>\n<\/table>\n<h2 style=\"text-align: center;\">Contato<\/h2>\n<h3 style=\"text-align: center;\"><strong>Daniel Fernandes &#8211; Audio Engineer<\/strong><\/h3>\n<h3 style=\"text-align: center;\">Tel.: 55 11 95278-8898<br \/>\n<span style=\"color: #ff9900;\"><a style=\"color: #ff9900;\" href=\"mailto:musicmaker@uol.com.br\">musicmaker@uol.com.br<\/a><\/span><\/h3>\n","protected":false},"excerpt":{"rendered":"<p>Se voc\u00ea tem um Produto, Servi\u00e7o, representa alguma marca, importadora e precisa de um especialista de produto para expor, palestrar, dar aulas, suporte t\u00e9cnico em lojas, feiras, etc&#8230; Daniel Fernandes [&#8230;]<\/p>\n<p><a rel=\"bookmark\" class=\"more-link button\" href=\"http:\/\/dfaudiosolutions.com\/site\/palestrasespecialista-de-produtos\/\">Continue reading &rarr;<\/a><\/p>\n","protected":false},"author":1,"featured_media":0,"parent":0,"menu_order":0,"comment_status":"closed","ping_status":"closed","template":"page-templates\/full-width.php","meta":{"footnotes":""},"class_list":["post-190","page","type-page","status-publish","hentry","no-thumbnail"],"_links":{"self":[{"href":"http:\/\/dfaudiosolutions.com\/site\/wp-json\/wp\/v2\/pages\/190","targetHints":{"allow":["GET"]}}],"collection":[{"href":"http:\/\/dfaudiosolutions.com\/site\/wp-json\/wp\/v2\/pages"}],"about":[{"href":"http:\/\/dfaudiosolutions.com\/site\/wp-json\/wp\/v2\/types\/page"}],"author":[{"embeddable":true,"href":"http:\/\/dfaudiosolutions.com\/site\/wp-json\/wp\/v2\/users\/1"}],"replies":[{"embeddable":true,"href":"http:\/\/dfaudiosolutions.com\/site\/wp-json\/wp\/v2\/comments?post=190"}],"version-history":[{"count":12,"href":"http:\/\/dfaudiosolutions.com\/site\/wp-json\/wp\/v2\/pages\/190\/revisions"}],"predecessor-version":[{"id":589,"href":"http:\/\/dfaudiosolutions.com\/site\/wp-json\/wp\/v2\/pages\/190\/revisions\/589"}],"wp:attachment":[{"href":"http:\/\/dfaudiosolutions.com\/site\/wp-json\/wp\/v2\/media?parent=190"}],"curies":[{"name":"wp","href":"https:\/\/api.w.org\/{rel}","templated":true}]}}