{"id":184,"date":"2016-10-05T00:48:20","date_gmt":"2016-10-05T00:48:20","guid":{"rendered":"http:\/\/dfaudiosolutions.com\/site\/?page_id=184"},"modified":"2019-11-21T19:32:26","modified_gmt":"2019-11-21T19:32:26","slug":"mixagens-ao-vivo","status":"publish","type":"page","link":"http:\/\/dfaudiosolutions.com\/site\/mixagens-ao-vivo\/","title":{"rendered":"Mixagens Ao Vivo (P.A\/Monitor\/Broadcast)"},"content":{"rendered":"<p><a href=\"http:\/\/dfaudiosolutions.com\/site\/wp-content\/uploads\/2016\/10\/Mixagem-ao-vivo-PA_Mon-1.jpg\"><img loading=\"lazy\" decoding=\"async\" class=\"size-medium wp-image-267 alignleft\" src=\"http:\/\/dfaudiosolutions.com\/site\/wp-content\/uploads\/2016\/10\/Mixagem-ao-vivo-PA_Mon-1-300x224.jpg\" alt=\"mixagem-ao-vivo-pa_mon-1\" width=\"300\" height=\"224\" srcset=\"http:\/\/dfaudiosolutions.com\/site\/wp-content\/uploads\/2016\/10\/Mixagem-ao-vivo-PA_Mon-1-300x224.jpg 300w, http:\/\/dfaudiosolutions.com\/site\/wp-content\/uploads\/2016\/10\/Mixagem-ao-vivo-PA_Mon-1-768x574.jpg 768w, http:\/\/dfaudiosolutions.com\/site\/wp-content\/uploads\/2016\/10\/Mixagem-ao-vivo-PA_Mon-1-1140x851.jpg 1140w, http:\/\/dfaudiosolutions.com\/site\/wp-content\/uploads\/2016\/10\/Mixagem-ao-vivo-PA_Mon-1-763x570.jpg 763w, http:\/\/dfaudiosolutions.com\/site\/wp-content\/uploads\/2016\/10\/Mixagem-ao-vivo-PA_Mon-1-740x553.jpg 740w, http:\/\/dfaudiosolutions.com\/site\/wp-content\/uploads\/2016\/10\/Mixagem-ao-vivo-PA_Mon-1-800x598.jpg 800w, http:\/\/dfaudiosolutions.com\/site\/wp-content\/uploads\/2016\/10\/Mixagem-ao-vivo-PA_Mon-1-1200x896.jpg 1200w, http:\/\/dfaudiosolutions.com\/site\/wp-content\/uploads\/2016\/10\/Mixagem-ao-vivo-PA_Mon-1-410x306.jpg 410w, http:\/\/dfaudiosolutions.com\/site\/wp-content\/uploads\/2016\/10\/Mixagem-ao-vivo-PA_Mon-1-1714x1280.jpg 1714w, http:\/\/dfaudiosolutions.com\/site\/wp-content\/uploads\/2016\/10\/Mixagem-ao-vivo-PA_Mon-1-400x300.jpg 400w\" sizes=\"auto, (max-width: 300px) 100vw, 300px\" \/><\/a>P.A (F.O.H) \/ Monitores<\/p>\n<p>Com quase 18 anos de experi\u00eancia, mais de 50 Bandas\/Artistas, dos mais diversos estilos musicais, Daniel Fernandes vem fazendo um trabalho diferenciado e personalizado por todo Brasil e exterior. Tendo vasta experi\u00eancia em shows de pequeno, m\u00e9dio e grande porte (Rock In Rio, Por\u00e3o do rock, Abril Pro rock, Live`n Louder, etc&#8230;) sua mixagem de P.A e Monitores se baseiam em um vasto estudo sobre a Banda\/Artista, tendo como principal objetivo o entendimento do estilo musical, concep\u00e7\u00e3o de sonoridade ao vivo e aplica\u00e7\u00f5es de efeitos, pilotagens (Din\u00e2micas de Instrumentos), e sound-design de acordo com o disco e gosto do Artista\/Banda. Tendo estudado m\u00fasica por muitos anos (Viol\u00e3o, Guitarra, Bateria, teoria musical, percep\u00e7\u00e3o musical), e sempre se reciclando t\u00e9cnicamente estudando sobre equipamentos (Mesas de Som, P.A`s, Processadores, etc&#8230;), Daniel tem como marca do seu trabalho, a uni\u00e3o da Concep\u00e7\u00e3o Musical com a tecnologia. Bandas e Artistas ter\u00e3o total seguran\u00e7a e certeza de um grande show e uma excelente mixagem ao vivo!<\/p>\n<p>Experimente!<\/p>\n<h2 style=\"text-align: center;\">Contato<\/h2>\n<h3 style=\"text-align: center;\"><strong>Daniel Fernandes &#8211; Audio Engineer<\/strong><\/h3>\n<h3 style=\"text-align: center;\">Tel.: 55 11 95278-8898<br \/>\n<span style=\"color: #ff9900;\"><a style=\"color: #ff9900;\" href=\"mailto:musicmaker@uol.com.br\">musicmaker@uol.com.br<\/a><\/span><\/h3>\n","protected":false},"excerpt":{"rendered":"<p>P.A (F.O.H) \/ Monitores Com quase 18 anos de experi\u00eancia, mais de 50 Bandas\/Artistas, dos mais diversos estilos musicais, Daniel Fernandes vem fazendo um trabalho diferenciado e personalizado por todo [&#8230;]<\/p>\n<p><a rel=\"bookmark\" class=\"more-link button\" href=\"http:\/\/dfaudiosolutions.com\/site\/mixagens-ao-vivo\/\">Continue reading &rarr;<\/a><\/p>\n","protected":false},"author":1,"featured_media":0,"parent":0,"menu_order":0,"comment_status":"closed","ping_status":"closed","template":"page-templates\/full-width.php","meta":{"footnotes":""},"class_list":["post-184","page","type-page","status-publish","hentry","no-thumbnail"],"_links":{"self":[{"href":"http:\/\/dfaudiosolutions.com\/site\/wp-json\/wp\/v2\/pages\/184","targetHints":{"allow":["GET"]}}],"collection":[{"href":"http:\/\/dfaudiosolutions.com\/site\/wp-json\/wp\/v2\/pages"}],"about":[{"href":"http:\/\/dfaudiosolutions.com\/site\/wp-json\/wp\/v2\/types\/page"}],"author":[{"embeddable":true,"href":"http:\/\/dfaudiosolutions.com\/site\/wp-json\/wp\/v2\/users\/1"}],"replies":[{"embeddable":true,"href":"http:\/\/dfaudiosolutions.com\/site\/wp-json\/wp\/v2\/comments?post=184"}],"version-history":[{"count":17,"href":"http:\/\/dfaudiosolutions.com\/site\/wp-json\/wp\/v2\/pages\/184\/revisions"}],"predecessor-version":[{"id":587,"href":"http:\/\/dfaudiosolutions.com\/site\/wp-json\/wp\/v2\/pages\/184\/revisions\/587"}],"wp:attachment":[{"href":"http:\/\/dfaudiosolutions.com\/site\/wp-json\/wp\/v2\/media?parent=184"}],"curies":[{"name":"wp","href":"https:\/\/api.w.org\/{rel}","templated":true}]}}