{"id":178,"date":"2016-10-05T00:39:38","date_gmt":"2016-10-05T00:39:38","guid":{"rendered":"http:\/\/dfaudiosolutions.com\/site\/?page_id=178"},"modified":"2019-02-06T21:26:57","modified_gmt":"2019-02-06T21:26:57","slug":"sobre","status":"publish","type":"page","link":"http:\/\/dfaudiosolutions.com\/site\/sobre\/","title":{"rendered":"Sobre"},"content":{"rendered":"<h3>Sobre<\/h3>\n<p><a href=\"http:\/\/dfaudiosolutions.com\/site\/wp-content\/uploads\/2016\/10\/about.jpg\"><img loading=\"lazy\" decoding=\"async\" class=\"size-medium wp-image-254 alignleft\" src=\"http:\/\/dfaudiosolutions.com\/site\/wp-content\/uploads\/2016\/10\/about-218x300.jpg\" alt=\"about\" width=\"218\" height=\"300\" srcset=\"http:\/\/dfaudiosolutions.com\/site\/wp-content\/uploads\/2016\/10\/about-218x300.jpg 218w, http:\/\/dfaudiosolutions.com\/site\/wp-content\/uploads\/2016\/10\/about.jpg 283w\" sizes=\"auto, (max-width: 218px) 100vw, 218px\" \/><\/a><\/p>\n<p>S\u00e3o quase 18 anos de experi\u00eancia, mais de 50 bandas e artistas, diversos shows e festivais de grande porte pelo Brasil e exterior. Daniel Fernandes tem uma vasta experi\u00eancia em mixagem de som, al\u00e9m de cursos realizados, como Live Operator Training SSL (Solid State Logic); treinamento Oficial da Console Live L500 da SSL; workShop YAMAHA de especializa\u00e7\u00e3o em consoles Digitais CL S\u00e9ries; especializa\u00e7\u00e3o em Sistema de Grava\u00e7\u00e3o Digital Digidesign Pro-Tools; entre muitos outros. Em est\u00fadio, j\u00e1 fez grava\u00e7\u00e3o e mixagem para grandes artistas como Artur Maia (Gilberto Gil), Faiska (F\u00e1bio Jr), Nelson Faria (Jo\u00e3o Bosco), Dinho Gon\u00e7alves (Percusionista\/Solo), Yves Rudner Schmidt (Pianista e maestro), Andria e Ivan Busic (Dr. Sin), Edu Ardanuy (Dr. Sin), entre outros. E como engenheiro de som ao vivo, j\u00e1 trabalhou com bandas como, Aquiles Priester, Dr.Sin, Andre Matos, Sepultura, Noturnall, Hangar, Adrenaline Mob, Oficina G3, sendo especializado no estilo Heavy-Metal, ainda que mixe outros estilos tamb\u00e9m.<\/p>\n<p><a href=\"http:\/\/dfaudiosolutions.com\/site\/sobre-daniel-fernandes\/\">VEJA SUA TRAJET\u00d3RIA<\/a><\/p>\n","protected":false},"excerpt":{"rendered":"<p>Sobre S\u00e3o quase 18 anos de experi\u00eancia, mais de 50 bandas e artistas, diversos shows e festivais de grande porte pelo Brasil e exterior. Daniel Fernandes tem uma vasta experi\u00eancia [&#8230;]<\/p>\n<p><a rel=\"bookmark\" class=\"more-link button\" href=\"http:\/\/dfaudiosolutions.com\/site\/sobre\/\">Continue reading &rarr;<\/a><\/p>\n","protected":false},"author":1,"featured_media":0,"parent":0,"menu_order":0,"comment_status":"closed","ping_status":"closed","template":"page-templates\/section.php","meta":{"footnotes":""},"class_list":["post-178","page","type-page","status-publish","hentry","no-thumbnail"],"_links":{"self":[{"href":"http:\/\/dfaudiosolutions.com\/site\/wp-json\/wp\/v2\/pages\/178","targetHints":{"allow":["GET"]}}],"collection":[{"href":"http:\/\/dfaudiosolutions.com\/site\/wp-json\/wp\/v2\/pages"}],"about":[{"href":"http:\/\/dfaudiosolutions.com\/site\/wp-json\/wp\/v2\/types\/page"}],"author":[{"embeddable":true,"href":"http:\/\/dfaudiosolutions.com\/site\/wp-json\/wp\/v2\/users\/1"}],"replies":[{"embeddable":true,"href":"http:\/\/dfaudiosolutions.com\/site\/wp-json\/wp\/v2\/comments?post=178"}],"version-history":[{"count":8,"href":"http:\/\/dfaudiosolutions.com\/site\/wp-json\/wp\/v2\/pages\/178\/revisions"}],"predecessor-version":[{"id":554,"href":"http:\/\/dfaudiosolutions.com\/site\/wp-json\/wp\/v2\/pages\/178\/revisions\/554"}],"wp:attachment":[{"href":"http:\/\/dfaudiosolutions.com\/site\/wp-json\/wp\/v2\/media?parent=178"}],"curies":[{"name":"wp","href":"https:\/\/api.w.org\/{rel}","templated":true}]}}