{"id":171,"date":"2016-10-05T00:31:48","date_gmt":"2016-10-05T00:31:48","guid":{"rendered":"http:\/\/dfaudiosolutions.com\/site\/?page_id=171"},"modified":"2019-02-06T21:08:54","modified_gmt":"2019-02-06T21:08:54","slug":"curriculo","status":"publish","type":"page","link":"http:\/\/dfaudiosolutions.com\/site\/curriculo\/","title":{"rendered":"Curr\u00edculo"},"content":{"rendered":"<p><a href=\"http:\/\/dfaudiosolutions.com\/site\/wp-content\/uploads\/2016\/10\/Coringa-2.jpg\"><img loading=\"lazy\" decoding=\"async\" class=\"size-medium wp-image-269 alignleft\" src=\"http:\/\/dfaudiosolutions.com\/site\/wp-content\/uploads\/2016\/10\/Coringa-2-300x177.jpg\" alt=\"coringa-2\" width=\"300\" height=\"177\" srcset=\"http:\/\/dfaudiosolutions.com\/site\/wp-content\/uploads\/2016\/10\/Coringa-2-300x177.jpg 300w, http:\/\/dfaudiosolutions.com\/site\/wp-content\/uploads\/2016\/10\/Coringa-2-768x454.jpg 768w, http:\/\/dfaudiosolutions.com\/site\/wp-content\/uploads\/2016\/10\/Coringa-2-1140x673.jpg 1140w, http:\/\/dfaudiosolutions.com\/site\/wp-content\/uploads\/2016\/10\/Coringa-2-965x570.jpg 965w, http:\/\/dfaudiosolutions.com\/site\/wp-content\/uploads\/2016\/10\/Coringa-2-740x437.jpg 740w, http:\/\/dfaudiosolutions.com\/site\/wp-content\/uploads\/2016\/10\/Coringa-2-800x472.jpg 800w, http:\/\/dfaudiosolutions.com\/site\/wp-content\/uploads\/2016\/10\/Coringa-2-1200x709.jpg 1200w, http:\/\/dfaudiosolutions.com\/site\/wp-content\/uploads\/2016\/10\/Coringa-2-410x242.jpg 410w, http:\/\/dfaudiosolutions.com\/site\/wp-content\/uploads\/2016\/10\/Coringa-2-1920x1134.jpg 1920w, http:\/\/dfaudiosolutions.com\/site\/wp-content\/uploads\/2016\/10\/Coringa-2-400x236.jpg 400w\" sizes=\"auto, (max-width: 300px) 100vw, 300px\" \/><\/a><strong>Forma\u00e7\u00e3o Acad\u00eamica<\/strong><\/p>\n<p>&#8211; Gradua\u00e7\u00e3o em Publicidade e Propaganda pela FIAM \u2013 Faculdades Integradas Alc\u00e2ntara Machado \u2013 S\u00e3o Paulo, 1999.<\/p>\n<p><strong>Forma\u00e7\u00e3o Complementar (\u00c1udio \/ Musica)<\/strong><\/p>\n<p>&#8211; Live Operator Training SSL (Solid State Logic) 2014. Treinamento Oficial da Console Live L500 da SSL 2014.<br \/>\n&#8211; WorkShop YAMAHA de especializa\u00e7\u00e3o em consoles Digitais CL S\u00e9ries, em SP. 2013<br \/>\n&#8211; Especializa\u00e7\u00e3o em Sistema de Grava\u00e7\u00e3o Digital da Digidesign \u2013 Avid Pr\u00f3-Tools, S\u00e3o Paulo, 2001.<br \/>\n&#8211; Curso Din\u00e2mico de \u00c1udio, realizado no Conservat\u00f3rio Musical Souza Lima\/Berklee College of Music, S\u00e3o Paulo, 2001. (B\u00e1sico, Pr\u00e1tico e Avan\u00e7ado)<br \/>\n&#8211; Instru\u00eddo em \u00e1udio com m\u00e9todo do Institute of Audio Research NY, pelo Produtor\/Engenheiro Manny Monteiro, adquirindo assim, experi\u00eancia em Engenharia de \u00c1udio, S\u00e3o Paulo, 2001.<br \/>\n&#8211; Estudo de Bateria no Conservat\u00f3rio Musical Souza Lima \u2013 Berklee College of Music, S\u00e3o Paulo, 2002 \u2013 2004.<br \/>\n&#8211; Estudo de Piano, Viol\u00e3o, Guitarra, Teoria e Percep\u00e7\u00e3o Musical, realizado na Escola Espa\u00e7o Musical (Ricardo Brein &#8211; Grupo Rumo\u201d), S\u00e3o Paulo, 1986\u2013 1992.<\/p>\n<p><strong>\u00c1rea de atua\u00e7\u00e3o<\/strong><\/p>\n<p>&#8211; Engenheiro de \u00c1udio \u2013 F. O. H (P.A: som direcionado ao p\u00fablico) e Monitors Engineer (Monitoria de som direcionada aos m\u00fasicos no palco), com vasta experi\u00eancia em shows de pequeno \u00e0 grande porte, em territ\u00f3rio nacional e estrangeiro.<br \/>\n&#8211; Mixagens ao vivo para Televis\u00e3o em unidade M\u00f3vel (Broadcast).<br \/>\n&#8211; Professor e Propriet\u00e1rio do \u201cLive Sound Learning\u201d (Aprendizado de Audio Ao Vivo), em S\u00e3o Paulo.<br \/>\n&#8211; Engenheiro de Grava\u00e7\u00e3o e Mixagem em est\u00fadios e Shows.<br \/>\n&#8211; Experi\u00eancia e did\u00e1tica para aulas, treinamentos e palestras.<br \/>\n&#8211; Professor do Curso Din\u00e2mico de \u00c1udio (CDA) do Conservat\u00f3rio e Faculdade de M\u00fasica Souza Lima \u2013 Berklee College of Music (S\u00e3o Paulo), nos n\u00edveis 1, 2 e 3, sendo estes, respectivamente, de 40 horas em \u00c1udio B\u00e1sico e Pr\u00e1tica, 40 horas em \u00c1udio Avan\u00e7ado e Pr\u00e1tica e 40 horas em Sistema Digidesign \u2013 Avid Pr\u00f3-Tools com Teoria e Pr\u00e1tica em Software\/Hardware, na cidade de S\u00e3o Paulo, Sede Jardins, 2002 \u2013 2008.<br \/>\n&#8211; Engenheiro\/chefe do Est\u00fadio do Conservat\u00f3rio e Faculdade de M\u00fasica Souza Lima \u2013 Berklee College of Music (na cidade de S\u00e3o Paulo, Sede Jardins, 2002 \u2013 2008.   <\/p>\n<p><strong>Engenharia de Som: P.A. (Mixagem direcionada ao p\u00fablico) e\/ou Monitor (Mixagem direcionada aos m\u00fasicos no palco).<\/strong><\/p>\n<p>&#8211; P.A com HANGAR em &#8220;Stronger Than Ever Tour&#8221; &#8211; 2018<br \/>\n&#8211; P.A com YEX MUSIC LIVE &#8211; 2018<br \/>\n&#8211; P.A com DEBORAH BLANDO em &#8220;One Truth Tour&#8221; &#8211; 2018<br \/>\n&#8211; P.A com SEPULTURA em &#8220;Machine Messiah Tour&#8221; &#8211; 2017-2018<br \/>\n&#8211; P.A em &#8220;TROF\u00c9U GERANDO SALVA\u00c7\u00c3O&#8221; &#8211; Citibank Hall &#8211; 2017<br \/>\n&#8211; P.A com SEPULTURA em &#8220;Sepultura 30 Years Tour&#8221; &#8211; 2016<br \/>\n&#8211; P.A com ANDRE MATOS em &#8220;Holy Tour&#8221; 2016-2017 (Brasil \/ Am\u00e9rica Latina)<br \/>\n&#8211; P.A com AGE OF ARTEMIS &#8211; 2017<br \/>\n&#8211; Monitor com PAGAN JOHN &#8211; 2016<br \/>\n&#8211; P.A com HANGAR &#8220;Stronger Than Ever Tour&#8221; &#8211; 2016<br \/>\n&#8211; Monitor com ARMORED DAWN &#8211; 2015-2016<br \/>\n&#8211; P.A com ANDRE MATOS em &#8220;30Th Anniversary Tour&#8221; &#8211; 2015-2016<br \/>\n&#8211; Monitor com KRISIUN Tour &#8211; 2015-2016<br \/>\n&#8211; P.A em ROCK IN RIO 30 ANOS, com NOTURNALL + Michael Kiske (Palco Sunset), e ABOUT2CRASH (Palco Rock Street) &#8211; 2015<br \/>\n&#8211; P.A com ADRENALINE MOB (U.S.A) Brazilian Tour &#8211; 2015 (Brasil \/ Am\u00e9rica Latina)<br \/>\n&#8211; P.A com OFICINA G3, em &#8220;Tour Hist\u00f3rias e Bicicletas&#8221; &#8211; 2015<br \/>\n&#8211; P.A com OFICINA G3, em &#8220;G3 na Igreja&#8221; &#8211; 2015-2016<br \/>\n&#8211; P.A com a Banda SOULSPELL Tour &#8211; 2015<br \/>\n&#8211; P.A com a Banda REPUBLICA Tour &#8211; 2015<br \/>\n&#8211; P.A  com ANDRE MATOS, em The Turn Of The Lights \/ Angels Cry 20 Years &#8211; Tour 2013-2014 (Brasil \/ Am\u00e9rica Latina)<br \/>\n&#8211; P.A\/Monitor com a Banda NOTURNALL (Ex. Shaman e Aquiles Priester), em The First Live Tour \u2013 2013-2017<br \/>\n&#8211; P.A\/Monitor com o baterista AQUILES PRIESTER em &#8220;PsychOctopus Mapex Celebration Saturn IV Drum Clinic Tour&#8221; &#8211; 2013-2017<br \/>\n&#8211; P.A com as Bandas ANDRE MATOS e VIPER, em ROCK IN RIO 2013 (Palco Sunset) &#8211; 2013<br \/>\n&#8211; P.A  com DETONATOR e as Musas do Metal \u2013 2013-2016<br \/>\n&#8211; P.A  com a banda KING OF BONES em &#8220;We Are The Law Tour&#8221; \u2013 2013-2014<br \/>\n&#8211; P.A\/Monitor com a Banda DILEI \u2013 2014-2015<br \/>\n&#8211; P.A  com VIPER em &#8220;To Live Again Tour 2013&#8221; em Buenos Aires\/ARG &#8211; 2013<br \/>\n&#8211; Monitor com STRYPER (U.S.A), em S\u00e3o Paulo &#8211; 2013<br \/>\n&#8211; P.A  com SPYZER, em &#8220;Synchonic Live in Concert Tour&#8221;, Brasil &#8211; 2013<br \/>\n&#8211; Monitor com KRISIUN (BR), Malevolent Creation (U.S.A), Vital Remains (U.S.A) em S\u00e3o Paulo-BR &#8211; 2012<br \/>\n&#8211; Monitor com MARKY RAMONE (U.S.A) &#8211; Brazilian Tour &#8211; 2012<br \/>\n&#8211; Monitor com TOYSHOP &#8211; SP &#8211; 2012<br \/>\n&#8211; P.A com VIPER e ANDRE MATOS, em &#8220;To Live Again Tour 25 Anos&#8221; &#8211; 2012<br \/>\n&#8211; P.A\/Monitor com a Banda N\u00f6va (BR) \u2013 SP &#8211; 2012<br \/>\n&#8211; Monitor com Haggard (Alemanha), em Carioca Club SP &#8211; 2012<br \/>\n&#8211; P.A. com Less Than Jake (U.S.A), Belvedere (Canad\u00e1) \u2013 S\u00e3o Paulo-BR &#8211; 2012<br \/>\n&#8211; Monitor nos shows das bandas: Rise Against (U.S.A), Gold Fingers (U.S.A), Reel Big Fish (U.S.A), Cock Sparrer (U.K), Cash Cash (U.S.A), Stereo Skyline (U.S.A), no Carioca Club (SP) &#8211; 2011<br \/>\n&#8211; P.A nos shows com ANDRE MATOS &#8220;Mentalize Tour&#8221;, Brasil &#8211; 2011-2012<br \/>\n&#8211; P.A\/Monitor em shows e workshops de Aquiles Priester (ex-integrante do Angra, atualmente com Hangar). Tamb\u00e9m com Aquiles Priester participa da PsychOctpus Tour, Brasil &#8211; 2007 \u00e0 2013<br \/>\n&#8211; P.A. nos shows com HANGAR, em &#8220;The Infallible Tour&#8221;, Brasil &#8211; 2010-2012<br \/>\n&#8211; P.A. nos shows com HANGAR, em &#8220;The Conviction Tour&#8221;, Brasil &#8211; 2007-2009<br \/>\n&#8211; P.A. nos shows com DR.SIN, em &#8220;Bravo Tour&#8221;\/&#8221;Original Sin&#8221; Tour, Brasil &#8211; 2008\/2010\/2011<br \/>\n&#8211; P.A. nos shows com SPYZER, em &#8220;Synchonic Live in Concert Tour&#8221;, Brasil &#8211; 2008 \u00e0 2012.<br \/>\n&#8211; Monitor nos shows com LUNABLU (Gravadora Universal), Brasil &#8211; 2010<br \/>\n&#8211; P.A nos shows com a dupla BETO E M\u00c1RCIO, Brasil &#8211; 2009-2010<br \/>\n&#8211; P.A. nos shows com ALMAH, Brasil &#8211; 2007<br \/>\n&#8211; P.A. nos shows com FABRICCA SOUL, Brasil &#8211; 2007<br \/>\n&#8211; P.A. nos shows com EYES OF SHIVA, Brasil &#8211; 2006<br \/>\n&#8211; P.A \/Monitor nos shows com MINDFLOW, Brasil &#8211; 2002 \u00e0 2005<br \/>\n&#8211; P.A. do &#8220;ProgMetal Festival&#8221; com: Adagio (Fran\u00e7a), MindFlow (Brasil) e Sacred (Espanha), realizado na Espanha (Girona, Pal\u00eancia, Madrid, Barcelona) &#8211; 2005<br \/>\n&#8211; P.A no workshow com AQUILES PRIESTER \u2013 SL Music Hall \u2013 S\u00e3o Paulo &#8211; 2004<br \/>\n&#8211; P.A. nos shows com HARPPIA \u2013 Citibank Hall \u2013 S\u00e3o Paulo &#8211; 2003<\/p>\n<p><strong>\u00c1lbuns completos gravados em est\u00fadio<\/strong><\/p>\n<p>&#8211; Nell. \u00c1lbum Sintonia. Grava\u00e7\u00e3o independente, 2005.<br \/>\n&#8211; Malsanus. \u00c1lbum Somewhere of Negative. Grava\u00e7\u00e3o independente, 2004.<br \/>\n&#8211; Dr. Sin. \u00c1lbum Listen to the Doctor, Dynamo, 2005.<br \/>\n&#8211; MindFlow. \u00c1lbum Mind Over Body. Unlock Your Mind Productions, 2005.<br \/>\n&#8211; Yves Rudner Schmidt. \u00c1lbum Momentos (ao vivo). Conservat\u00f3rio Dram\u00e1tico e musical de S\u00e3o Paulo, 2006.<br \/>\n&#8211; Produtor e maestro Ciro Visconti. \u00c1lbum Orquestra de guitarras. Editora Souza \u2013 Lima, 2006.<br \/>\n&#8211; Produtor e Maestro Luiz Stelzer. \u00c1lbum Orquestra de viol\u00f5es. Editora Souza \u2013 Lima, 2006.<br \/>\n&#8211; Produtor e Maestro Nelson Faria. \u00c1lbum Nelson Faria Big Band. Grava\u00e7\u00e3o independente, 2007.<\/p>\n<p><strong>Grava\u00e7\u00f5es ao vivo<\/strong><\/p>\n<p>&#8211; Workshow de Marcelo Coelho Big Band \u2013 SL Music Hall \u2013 S\u00e3o Paulo, 2007.<br \/>\n&#8211; Workshow de Nelson Faria Big Band \u2013 SL Music Hall \u2013 S\u00e3o Paulo, 2007.<br \/>\n&#8211; Show com MindFlow durante a Euro Tour, na Sala La Mirona, em Girona (Espanha), 2004.<br \/>\n&#8211; Show com Manny Monteiro Jazz Trio \u2013 Teta Jazz Bar \u2013 S\u00e3o Paulo, 2004.<br \/>\n&#8211; Workshop com Hermeto Paschoal \u2013 SL Music Hall \u2013 S\u00e3o Paulo, 2003.<br \/>\n&#8211; Workshow com Scott Henderson \u2013 SL Music Hall \u2013 S\u00e3o Paulo 2003.<br \/>\n&#8211; Workshow com Artur Maia e Carlos Balla \u2013 SL Music Hall \u2013 S\u00e3o Paulo, 2003.<\/p>\n<p><strong>Participa\u00e7\u00f5es especiais em grava\u00e7\u00f5es em est\u00fadio<\/strong><\/p>\n<p>&#8211; Artur Maia (Gilberto Gil), Faiska (F\u00e1bio Jr), Naor Gomes (Banda Mantiqueira), Fran\u00e7ois Lima (Djavan), Valmir Gil (Djavan), Vandr\u00e9 Nascimento (Legacy), Felipe Andreoli (Angra), Xuxa (Paula Lima \u2013 Sandy e Jr.), Andria Busic (Dr. Sin), Ivan Busic (Dr. Sin), Edu Ardanuy (Dr. Sin), Denison Fernandez (solo), Nelson Faria (Jo\u00e3o Bosco), Ciro Visconti (Souza Lima), Dinho Gon\u00e7alves (Percusionista\/ Solo), Yves Rudner Schmidt (Pianista e maestro), entre outros.<\/p>\n<p><strong>DVD\u2019s<\/strong><\/p>\n<p>&#8211; DVD da Banda HANGAR, em Brusque-SC. (Hangar Live In Brusque-SC Brazil), Junho 2016.<br \/>\n&#8211; DVD da Banda NOTURNALL, no Carioca Club em S\u00e3o Paulo, com participa\u00e7\u00e3o e produ\u00e7\u00e3o de Russel Allen (Symphony-X \/ Adrenaline Mob), Mar\u00e7o\/2014.<br \/>\n&#8211; DVD da Banda VIPER, Durante a \u201cTo Live Again Tour\u201d 2012 em S\u00e3o Paulo no Via Marqu\u00eas.<br \/>\n&#8211; DVD da Banda HANGAR, durante a \u201c Acoustic But Plugged In Live in IJU\u00cd-RS\u201c Tour 2011 \u2013 Live.<br \/>\n&#8211; DVD da Banda HANGAR, durante o \u201cThe Conviction Tour 2007\/2008 &#8211; Live\u201d.<br \/>\n&#8211; DVD de instru\u00e7\u00e3o, demonstra\u00e7\u00e3o e treinamento dos Microfones JTS. Turbo Percussion, 2007.<\/p>\n<p><strong>Workshop\u2019s de \u00c1udio Profissional<\/strong><\/p>\n<p>&#8211; Workshop de \u201c\u00c1udio Avan\u00e7ado\u201d com Manny Monteiro e Daniel Fernandes, no Conservat\u00f3rio e Faculdade de M\u00fasica Souza Lima \u2013 Berklee College of Music, na cidade de S\u00e3o Paulo, Sede Jardins, 2005.<br \/>\n&#8211; Workshop \u201cRoy Cicala Experience\u201d, com Manny Monteiro, Roy Cicala (Produtor musical americano de m\u00fasicos e grupos conceituados, tais como AC\/DC, Jimmi Hendrix, John Lennon, Aerosmith, entre outros) e Daniel Fernandes. S\u00e3o Paulo, 2006.<\/p>\n<p><em>S\u00e3o Paulo, Janeiro de 2019<\/em><\/p>\n","protected":false},"excerpt":{"rendered":"<p>Forma\u00e7\u00e3o Acad\u00eamica &#8211; Gradua\u00e7\u00e3o em Publicidade e Propaganda pela FIAM \u2013 Faculdades Integradas Alc\u00e2ntara Machado \u2013 S\u00e3o Paulo, 1999. Forma\u00e7\u00e3o Complementar (\u00c1udio \/ Musica) &#8211; Live Operator Training SSL (Solid [&#8230;]<\/p>\n<p><a rel=\"bookmark\" class=\"more-link button\" href=\"http:\/\/dfaudiosolutions.com\/site\/curriculo\/\">Continue reading &rarr;<\/a><\/p>\n","protected":false},"author":1,"featured_media":0,"parent":0,"menu_order":0,"comment_status":"closed","ping_status":"closed","template":"page-templates\/full-width.php","meta":{"footnotes":""},"class_list":["post-171","page","type-page","status-publish","hentry","no-thumbnail"],"_links":{"self":[{"href":"http:\/\/dfaudiosolutions.com\/site\/wp-json\/wp\/v2\/pages\/171","targetHints":{"allow":["GET"]}}],"collection":[{"href":"http:\/\/dfaudiosolutions.com\/site\/wp-json\/wp\/v2\/pages"}],"about":[{"href":"http:\/\/dfaudiosolutions.com\/site\/wp-json\/wp\/v2\/types\/page"}],"author":[{"embeddable":true,"href":"http:\/\/dfaudiosolutions.com\/site\/wp-json\/wp\/v2\/users\/1"}],"replies":[{"embeddable":true,"href":"http:\/\/dfaudiosolutions.com\/site\/wp-json\/wp\/v2\/comments?post=171"}],"version-history":[{"count":16,"href":"http:\/\/dfaudiosolutions.com\/site\/wp-json\/wp\/v2\/pages\/171\/revisions"}],"predecessor-version":[{"id":534,"href":"http:\/\/dfaudiosolutions.com\/site\/wp-json\/wp\/v2\/pages\/171\/revisions\/534"}],"wp:attachment":[{"href":"http:\/\/dfaudiosolutions.com\/site\/wp-json\/wp\/v2\/media?parent=171"}],"curies":[{"name":"wp","href":"https:\/\/api.w.org\/{rel}","templated":true}]}}