{"id":169,"date":"2016-10-05T00:31:17","date_gmt":"2016-10-05T00:31:17","guid":{"rendered":"http:\/\/dfaudiosolutions.com\/site\/?page_id=169"},"modified":"2016-10-31T01:43:31","modified_gmt":"2016-10-31T01:43:31","slug":"depoimentos","status":"publish","type":"page","link":"http:\/\/dfaudiosolutions.com\/site\/depoimentos\/","title":{"rendered":"Depoimentos"},"content":{"rendered":"<h3>Depoimentos<\/h3>\n<p><i><img decoding=\"async\" class=\"alignleft size-medium wp-image-434\" src=\"http:\/\/dfaudiosolutions.com\/site\/wp-content\/uploads\/2016\/10\/Dani_Andre-300x198-1-300x198.jpg\" alt=\"dani_andre-300x198\" width=\"150\" height=\"\" \/><\/i><strong>ANDRE MATOS:<\/strong><i>\u00a0\u201cDaniel Fernandes \u00e9 um dos grandes profissionais de \u00e1udio com quem j\u00e1 trabalhei na carreira. Um engenheiro n\u00e3o se faz respeitar s\u00f3 pelo conhecimento t\u00e9cnico \u201cao vivo\u201d, valem tanto a experi\u00eancia pessoal quanto a capacidade de se adaptar a qualquer situa\u00e7\u00e3o e resolver imprevistos.\u00a0De suas m\u00e3os emerge o resultado que ser\u00e1 entregue ao p\u00fablico; portanto, \u00e9 algu\u00e9m em quem se deve confiar, como se estivesse o tempo inteiro, lado a lado, no palco\u201d.<br \/>\n<\/i><\/p>\n<p>&nbsp;<\/p>\n<p><i><a href=\"http:\/\/dfaudiosolutions.com\/site\/wp-content\/uploads\/2016\/10\/12038487_10207918115451171_63376674861784367_n-300x225-1.jpg\"><img decoding=\"async\" class=\"alignleft size-medium wp-image-436\" src=\"http:\/\/dfaudiosolutions.com\/site\/wp-content\/uploads\/2016\/10\/12038487_10207918115451171_63376674861784367_n-300x225-1-300x225.jpg\" alt=\"12038487_10207918115451171_63376674861784367_n-300x225\" width=\"150\" height=\"\" \/><\/a><\/i><strong>AQUILES PRIESTER: Hangar, Tony MacAlpine, Noturnall<\/strong><i> &#8211; \u201cTenho trabalhado com o Daniel Fernandes h\u00e1 quase 10 anos e isso tem sido uma experi\u00eancia muito agrad\u00e1vel. Al\u00e9m dele se adequar muito bem ao trabalho de qualquer um dos meus projetos musicais, ele \u00e9 uma pessoa muito confi\u00e1vel e acima de tudo, entende o meu trabalho como m\u00fasico. \u00c9 um engenheiro de som muito detalhista e tamb\u00e9m muito comprometido com a qualidade do som ao vivo que deve ser apresentado ao p\u00fablico. Posso dizer que assim como a minha bateria e meus equipamentos que complementam a minha assinatura sonora, o Daniel \u00e9 uma pessoa fundamental para o meu sucesso profissional e tamb\u00e9m para o sucesso de todos os meus eventos.\u201d<\/i><\/p>\n<p>&nbsp;<\/p>\n<p><em><a href=\"http:\/\/dfaudiosolutions.com\/site\/wp-content\/uploads\/2016\/10\/3e8369d7-aa19-41aa-8ca6-366111c18c4e-300x200-1.jpe\"><img decoding=\"async\" class=\"alignleft size-medium wp-image-442\" src=\"http:\/\/dfaudiosolutions.com\/site\/wp-content\/uploads\/2016\/10\/3e8369d7-aa19-41aa-8ca6-366111c18c4e-300x200-1-300x200.jpe\" alt=\"3e8369d7-aa19-41aa-8ca6-366111c18c4e-300x200\" width=\"150\" height=\"\" \/><\/a><\/em><strong>BRUNO LADISLAU: Andre Matos, Brand New End, Aquiles Priester<\/strong><em> &#8211; \u00a0\u201cO trabalho do Daniel \u00e9 impec\u00e1vel. Seja no Studio, na sala de aula ou ao vivo, ele sempre est\u00e1 atento ao que precisamos, nos passando seguran\u00e7a e credibilidade. Se voc\u00ea procura qualidade e excel\u00eancia, voc\u00ea com certeza encontrar\u00e1 no trabalho de Daniel Fernandes.\u201d<\/em><\/p>\n<p>&nbsp;<\/p>\n<p>&nbsp;<\/p>\n<p><a href=\"http:\/\/dfaudiosolutions.com\/site\/wp-content\/uploads\/2016\/10\/Nando-Mello_Depoimento.jpg\"><img decoding=\"async\" class=\"alignleft size-medium wp-image-445\" src=\"http:\/\/dfaudiosolutions.com\/site\/wp-content\/uploads\/2016\/10\/Nando-Mello_Depoimento-300x284.jpg\" alt=\"nando-mello_depoimento\" width=\"150\" height=\"\" srcset=\"http:\/\/dfaudiosolutions.com\/site\/wp-content\/uploads\/2016\/10\/Nando-Mello_Depoimento-300x284.jpg 300w, http:\/\/dfaudiosolutions.com\/site\/wp-content\/uploads\/2016\/10\/Nando-Mello_Depoimento-410x389.jpg 410w, http:\/\/dfaudiosolutions.com\/site\/wp-content\/uploads\/2016\/10\/Nando-Mello_Depoimento-316x300.jpg 316w, http:\/\/dfaudiosolutions.com\/site\/wp-content\/uploads\/2016\/10\/Nando-Mello_Depoimento.jpg 596w\" sizes=\"(max-width: 300px) 100vw, 300px\" \/><\/a><strong>NANDO MELLO: \u00a0Hangar<\/strong> &#8211; &#8220;<em>Trabalho com o Daniel Fernandes desde 2007. S\u00e3o quase dez anos que ele faz com que o meu som ao vivo seja o melhor som de baixo que eu poderia ter. Os v\u00eddeos e grava\u00e7\u00f5es comprovam isso. Al\u00e9m de um profissional do mais alto n\u00edvel, \u00e9 um amigo de verdade. Foram mais de 250 shows e workshops sempre com uma excelencia profissional \u00edmpar. Muito obrigado por ter me ajudado a ser um baixista melhor e por muitos kilometros de estradas e amizade. Grande abra\u00e7o.&#8221;<\/em><\/p>\n<p>&nbsp;<\/p>\n<p>&nbsp;<\/p>\n<p><a href=\"http:\/\/dfaudiosolutions.com\/site\/wp-content\/uploads\/2016\/10\/10380768_559927840787606_8085321564563848476_n.jpg\"><img decoding=\"async\" class=\"alignleft size-medium wp-image-454\" src=\"http:\/\/dfaudiosolutions.com\/site\/wp-content\/uploads\/2016\/10\/10380768_559927840787606_8085321564563848476_n-300x200.jpg\" alt=\"10380768_559927840787606_8085321564563848476_n\" width=\"150\" height=\"\" srcset=\"http:\/\/dfaudiosolutions.com\/site\/wp-content\/uploads\/2016\/10\/10380768_559927840787606_8085321564563848476_n-300x200.jpg 300w, http:\/\/dfaudiosolutions.com\/site\/wp-content\/uploads\/2016\/10\/10380768_559927840787606_8085321564563848476_n-768x512.jpg 768w, http:\/\/dfaudiosolutions.com\/site\/wp-content\/uploads\/2016\/10\/10380768_559927840787606_8085321564563848476_n-855x570.jpg 855w, http:\/\/dfaudiosolutions.com\/site\/wp-content\/uploads\/2016\/10\/10380768_559927840787606_8085321564563848476_n-740x493.jpg 740w, http:\/\/dfaudiosolutions.com\/site\/wp-content\/uploads\/2016\/10\/10380768_559927840787606_8085321564563848476_n-800x533.jpg 800w, http:\/\/dfaudiosolutions.com\/site\/wp-content\/uploads\/2016\/10\/10380768_559927840787606_8085321564563848476_n-525x348.jpg 525w, http:\/\/dfaudiosolutions.com\/site\/wp-content\/uploads\/2016\/10\/10380768_559927840787606_8085321564563848476_n-410x273.jpg 410w, http:\/\/dfaudiosolutions.com\/site\/wp-content\/uploads\/2016\/10\/10380768_559927840787606_8085321564563848476_n-400x267.jpg 400w, http:\/\/dfaudiosolutions.com\/site\/wp-content\/uploads\/2016\/10\/10380768_559927840787606_8085321564563848476_n.jpg 960w\" sizes=\"(max-width: 300px) 100vw, 300px\" \/><\/a><strong>HUGO MARIUTTI:<\/strong> <em>&#8220;O Daniel \u00e9 um profissional bastante s\u00e9rio, com muito talento e que sempre busca fazer o melhor em cada show!!! Merecedor de todas as conquistas, que sem a menor d\u00favida, cada vez mais v\u00e3o ser maiores.&#8221;<\/em><\/p>\n","protected":false},"excerpt":{"rendered":"<p>Depoimentos ANDRE MATOS:\u00a0\u201cDaniel Fernandes \u00e9 um dos grandes profissionais de \u00e1udio com quem j\u00e1 trabalhei na carreira. Um engenheiro n\u00e3o se faz respeitar s\u00f3 pelo conhecimento t\u00e9cnico \u201cao vivo\u201d, valem [&#8230;]<\/p>\n<p><a rel=\"bookmark\" class=\"more-link button\" href=\"http:\/\/dfaudiosolutions.com\/site\/depoimentos\/\">Continue reading &rarr;<\/a><\/p>\n","protected":false},"author":1,"featured_media":0,"parent":0,"menu_order":0,"comment_status":"closed","ping_status":"closed","template":"page-templates\/section.php","meta":{"footnotes":""},"class_list":["post-169","page","type-page","status-publish","hentry","no-thumbnail"],"_links":{"self":[{"href":"http:\/\/dfaudiosolutions.com\/site\/wp-json\/wp\/v2\/pages\/169","targetHints":{"allow":["GET"]}}],"collection":[{"href":"http:\/\/dfaudiosolutions.com\/site\/wp-json\/wp\/v2\/pages"}],"about":[{"href":"http:\/\/dfaudiosolutions.com\/site\/wp-json\/wp\/v2\/types\/page"}],"author":[{"embeddable":true,"href":"http:\/\/dfaudiosolutions.com\/site\/wp-json\/wp\/v2\/users\/1"}],"replies":[{"embeddable":true,"href":"http:\/\/dfaudiosolutions.com\/site\/wp-json\/wp\/v2\/comments?post=169"}],"version-history":[{"count":14,"href":"http:\/\/dfaudiosolutions.com\/site\/wp-json\/wp\/v2\/pages\/169\/revisions"}],"predecessor-version":[{"id":458,"href":"http:\/\/dfaudiosolutions.com\/site\/wp-json\/wp\/v2\/pages\/169\/revisions\/458"}],"wp:attachment":[{"href":"http:\/\/dfaudiosolutions.com\/site\/wp-json\/wp\/v2\/media?parent=169"}],"curies":[{"name":"wp","href":"https:\/\/api.w.org\/{rel}","templated":true}]}}